{"id":16297,"date":"2023-04-24T07:18:15","date_gmt":"2023-04-24T07:18:15","guid":{"rendered":"https:\/\/tierbalance.tularis.ch\/?page_id=16297"},"modified":"2023-04-24T08:47:19","modified_gmt":"2023-04-24T08:47:19","slug":"datenschutzerklaerung","status":"publish","type":"page","link":"https:\/\/tierbalance.tularis.ch\/?page_id=16297","title":{"rendered":"Datenschutzerkl\u00e4rung"},"content":{"rendered":"<style>.elementor-16297 .elementor-element.elementor-element-14a9c4d8 .hfe-site-logo-container, .elementor-16297 .elementor-element.elementor-element-14a9c4d8 .hfe-caption-width figcaption{text-align:center;}.elementor-16297 .elementor-element.elementor-element-14a9c4d8 .hfe-site-logo .hfe-site-logo-container img{width:350px;}.elementor-16297 .elementor-element.elementor-element-14a9c4d8 .hfe-site-logo-container .hfe-site-logo-img{border-style:none;}.elementor-16297 .elementor-element.elementor-element-14a9c4d8 .widget-image-caption{margin-top:0px;margin-bottom:0px;}.elementor-16297 .elementor-element.elementor-element-14a9c4d8 > .elementor-widget-container{margin:8px 0px 0px 0px;padding:0px 0px 30px 0px;}.elementor-16297 .elementor-element.elementor-element-62d0410 > .elementor-container{max-width:900px;}.elementor-16297 .elementor-element.elementor-element-62d0410{margin-top:-22px;margin-bottom:0px;}.elementor-16297 .elementor-element.elementor-element-28a3b604:not(.elementor-motion-effects-element-type-background) > .elementor-widget-wrap, .elementor-16297 .elementor-element.elementor-element-28a3b604 > .elementor-widget-wrap > .elementor-motion-effects-container > .elementor-motion-effects-layer{background-color:#FFFFFFE6;}.elementor-16297 .elementor-element.elementor-element-28a3b604 > .elementor-element-populated{transition:background 0.3s, border 0.3s, border-radius 0.3s, box-shadow 0.3s;margin:50px 50px 50px 50px;--e-column-margin-right:50px;--e-column-margin-left:50px;padding:100px 120px 120px 120px;}.elementor-16297 .elementor-element.elementor-element-28a3b604 > .elementor-element-populated > .elementor-background-overlay{transition:background 0.3s, border-radius 0.3s, opacity 0.3s;}.elementor-16297 .elementor-element.elementor-element-28a3b604{z-index:1;}.elementor-16297 .elementor-element.elementor-element-724b6bf2{text-align:center;font-family:\"Josefin Sans\", Sans-serif;}.elementor-16297 .elementor-element.elementor-element-25d79be1:not(.elementor-motion-effects-element-type-background), .elementor-16297 .elementor-element.elementor-element-25d79be1 > .elementor-motion-effects-container > .elementor-motion-effects-layer{background-color:var( --e-global-color-accent );}.elementor-16297 .elementor-element.elementor-element-25d79be1{transition:background 0.3s, border 0.3s, border-radius 0.3s, box-shadow 0.3s;margin-top:0px;margin-bottom:0px;padding:0px 0px 0px 0px;}.elementor-16297 .elementor-element.elementor-element-25d79be1 > .elementor-background-overlay{transition:background 0.3s, border-radius 0.3s, opacity 0.3s;}.elementor-16297 .elementor-element.elementor-element-6cc499d{margin-top:100px;margin-bottom:100px;}.elementor-16297 .elementor-element.elementor-element-3e391419{--spacer-size:10px;}.elementor-16297 .elementor-element.elementor-element-10efa068{text-align:center;}.elementor-16297 .elementor-element.elementor-element-10efa068 .elementor-heading-title{font-family:\"Josefin Sans\", Sans-serif;font-size:45px;font-style:italic;line-height:1.1em;color:var( --e-global-color-9f934ba );}.elementor-16297 .elementor-element.elementor-element-10efa068 > .elementor-widget-container{margin:0px 0px -7px 0px;}.elementor-16297 .elementor-element.elementor-element-2880b48f img{height:185px;object-fit:contain;object-position:center center;}.elementor-16297 .elementor-element.elementor-element-2880b48f > .elementor-widget-container{margin:-35px 0px 0px 0px;}.elementor-16297 .elementor-element.elementor-element-47a7217a > .elementor-element-populated{margin:4px 0px 0px 0px;--e-column-margin-right:0px;--e-column-margin-left:0px;}.elementor-16297 .elementor-element.elementor-element-87f4462 .elementor-icon-list-items:not(.elementor-inline-items) .elementor-icon-list-item:not(:last-child){padding-block-end:calc(6px\/2);}.elementor-16297 .elementor-element.elementor-element-87f4462 .elementor-icon-list-items:not(.elementor-inline-items) .elementor-icon-list-item:not(:first-child){margin-block-start:calc(6px\/2);}.elementor-16297 .elementor-element.elementor-element-87f4462 .elementor-icon-list-items.elementor-inline-items .elementor-icon-list-item{margin-inline:calc(6px\/2);}.elementor-16297 .elementor-element.elementor-element-87f4462 .elementor-icon-list-items.elementor-inline-items{margin-inline:calc(-6px\/2);}.elementor-16297 .elementor-element.elementor-element-87f4462 .elementor-icon-list-items.elementor-inline-items .elementor-icon-list-item:after{inset-inline-end:calc(-6px\/2);}.elementor-16297 .elementor-element.elementor-element-87f4462 .elementor-icon-list-icon i{color:var( --e-global-color-9f934ba );transition:color 0.3s;}.elementor-16297 .elementor-element.elementor-element-87f4462 .elementor-icon-list-icon svg{fill:var( --e-global-color-9f934ba );transition:fill 0.3s;}.elementor-16297 .elementor-element.elementor-element-87f4462{--e-icon-list-icon-size:13px;--icon-vertical-offset:0px;}.elementor-16297 .elementor-element.elementor-element-87f4462 .elementor-icon-list-icon{padding-inline-end:14px;}.elementor-16297 .elementor-element.elementor-element-87f4462 .elementor-icon-list-item > .elementor-icon-list-text, .elementor-16297 .elementor-element.elementor-element-87f4462 .elementor-icon-list-item > a{font-family:var( --e-global-typography-secondary-font-family ), Sans-serif;font-size:var( --e-global-typography-secondary-font-size );font-weight:var( --e-global-typography-secondary-font-weight );line-height:var( --e-global-typography-secondary-line-height );letter-spacing:var( --e-global-typography-secondary-letter-spacing );}.elementor-16297 .elementor-element.elementor-element-87f4462 .elementor-icon-list-text{color:var( --e-global-color-secondary );transition:color 0.3s;}.elementor-16297 .elementor-element.elementor-element-87f4462 > .elementor-widget-container{margin:9px 0px 30px 0px;}:root{--page-title-display:none;}@media(min-width:768px){.elementor-16297 .elementor-element.elementor-element-919534b{width:44.552%;}.elementor-16297 .elementor-element.elementor-element-5934ed80{width:16.519%;}.elementor-16297 .elementor-element.elementor-element-47a7217a{width:38.262%;}}@media(max-width:1024px){.elementor-16297 .elementor-element.elementor-element-28a3b604 > .elementor-element-populated{padding:70px 50px 60px 50px;}.elementor-16297 .elementor-element.elementor-element-87f4462 .elementor-icon-list-item > .elementor-icon-list-text, .elementor-16297 .elementor-element.elementor-element-87f4462 .elementor-icon-list-item > a{font-size:var( --e-global-typography-secondary-font-size );line-height:var( --e-global-typography-secondary-line-height );letter-spacing:var( --e-global-typography-secondary-letter-spacing );}}@media(max-width:767px){.elementor-16297 .elementor-element.elementor-element-14a9c4d8 .hfe-site-logo .hfe-site-logo-container img{width:240px;}.elementor-16297 .elementor-element.elementor-element-62d0410{padding:0px 0px 0px 0px;}.elementor-16297 .elementor-element.elementor-element-28a3b604 > .elementor-element-populated{margin:100px 0px 0px 0px;--e-column-margin-right:0px;--e-column-margin-left:0px;padding:20px 15px 0px 15px;}.elementor-16297 .elementor-element.elementor-element-10efa068{text-align:center;}.elementor-16297 .elementor-element.elementor-element-87f4462 .elementor-icon-list-item > .elementor-icon-list-text, .elementor-16297 .elementor-element.elementor-element-87f4462 .elementor-icon-list-item > a{font-size:var( --e-global-typography-secondary-font-size );line-height:var( --e-global-typography-secondary-line-height );letter-spacing:var( --e-global-typography-secondary-letter-spacing );}.elementor-16297 .elementor-element.elementor-element-87f4462 > .elementor-widget-container{margin:0px 0px -13px 0px;}}<\/style>\t\t<div data-elementor-type=\"wp-page\" data-elementor-id=\"16297\" class=\"elementor elementor-16297\">\n\t\t\t\t\t\t<section class=\"elementor-section elementor-top-section elementor-element elementor-element-563970e9 elementor-section-boxed elementor-section-height-default elementor-section-height-default\" data-id=\"563970e9\" data-element_type=\"section\" data-e-type=\"section\">\n\t\t\t\t\t\t<div class=\"elementor-container elementor-column-gap-default\">\n\t\t\t\t\t<div class=\"elementor-column elementor-col-100 elementor-top-column elementor-element elementor-element-1b483cfa\" data-id=\"1b483cfa\" data-element_type=\"column\" data-e-type=\"column\">\n\t\t\t<div class=\"elementor-widget-wrap elementor-element-populated\">\n\t\t\t\t\t\t<div class=\"elementor-element elementor-element-14a9c4d8 elementor-widget elementor-widget-site-logo\" data-id=\"14a9c4d8\" data-element_type=\"widget\" data-e-type=\"widget\" data-settings=\"{&quot;width&quot;:{&quot;unit&quot;:&quot;px&quot;,&quot;size&quot;:350,&quot;sizes&quot;:[]},&quot;width_mobile&quot;:{&quot;unit&quot;:&quot;px&quot;,&quot;size&quot;:240,&quot;sizes&quot;:[]},&quot;align&quot;:&quot;center&quot;,&quot;width_tablet&quot;:{&quot;unit&quot;:&quot;%&quot;,&quot;size&quot;:&quot;&quot;,&quot;sizes&quot;:[]},&quot;space&quot;:{&quot;unit&quot;:&quot;%&quot;,&quot;size&quot;:&quot;&quot;,&quot;sizes&quot;:[]},&quot;space_tablet&quot;:{&quot;unit&quot;:&quot;%&quot;,&quot;size&quot;:&quot;&quot;,&quot;sizes&quot;:[]},&quot;space_mobile&quot;:{&quot;unit&quot;:&quot;%&quot;,&quot;size&quot;:&quot;&quot;,&quot;sizes&quot;:[]},&quot;image_border_radius&quot;:{&quot;unit&quot;:&quot;px&quot;,&quot;top&quot;:&quot;&quot;,&quot;right&quot;:&quot;&quot;,&quot;bottom&quot;:&quot;&quot;,&quot;left&quot;:&quot;&quot;,&quot;isLinked&quot;:true},&quot;image_border_radius_tablet&quot;:{&quot;unit&quot;:&quot;px&quot;,&quot;top&quot;:&quot;&quot;,&quot;right&quot;:&quot;&quot;,&quot;bottom&quot;:&quot;&quot;,&quot;left&quot;:&quot;&quot;,&quot;isLinked&quot;:true},&quot;image_border_radius_mobile&quot;:{&quot;unit&quot;:&quot;px&quot;,&quot;top&quot;:&quot;&quot;,&quot;right&quot;:&quot;&quot;,&quot;bottom&quot;:&quot;&quot;,&quot;left&quot;:&quot;&quot;,&quot;isLinked&quot;:true},&quot;caption_padding&quot;:{&quot;unit&quot;:&quot;px&quot;,&quot;top&quot;:&quot;&quot;,&quot;right&quot;:&quot;&quot;,&quot;bottom&quot;:&quot;&quot;,&quot;left&quot;:&quot;&quot;,&quot;isLinked&quot;:true},&quot;caption_padding_tablet&quot;:{&quot;unit&quot;:&quot;px&quot;,&quot;top&quot;:&quot;&quot;,&quot;right&quot;:&quot;&quot;,&quot;bottom&quot;:&quot;&quot;,&quot;left&quot;:&quot;&quot;,&quot;isLinked&quot;:true},&quot;caption_padding_mobile&quot;:{&quot;unit&quot;:&quot;px&quot;,&quot;top&quot;:&quot;&quot;,&quot;right&quot;:&quot;&quot;,&quot;bottom&quot;:&quot;&quot;,&quot;left&quot;:&quot;&quot;,&quot;isLinked&quot;:true},&quot;caption_space&quot;:{&quot;unit&quot;:&quot;px&quot;,&quot;size&quot;:0,&quot;sizes&quot;:[]},&quot;caption_space_tablet&quot;:{&quot;unit&quot;:&quot;px&quot;,&quot;size&quot;:&quot;&quot;,&quot;sizes&quot;:[]},&quot;caption_space_mobile&quot;:{&quot;unit&quot;:&quot;px&quot;,&quot;size&quot;:&quot;&quot;,&quot;sizes&quot;:[]}}\" data-widget_type=\"site-logo.default\">\n\t\t\t\t<div class=\"elementor-widget-container\">\n\t\t\t\t\t\t\t<div class=\"hfe-site-logo\">\n\t\t\t\t\t\t\t\t\t\t\t\t\t<a data-elementor-open-lightbox=\"\"  class='elementor-clickable' href=\"https:\/\/tierbalance.tularis.ch\">\n\t\t\t\t\t\t\t<div class=\"hfe-site-logo-set\">           \n\t\t\t\t<div class=\"hfe-site-logo-container\">\n\t\t\t\t\t\t\t\t\t<img decoding=\"async\" class=\"hfe-site-logo-img elementor-animation-\"  src=\"https:\/\/tierbalance.tularis.ch\/wp-content\/uploads\/2023\/03\/neueslogotiere.png\" alt=\"neueslogotiere\"\/>\n\t\t\t\t<\/div>\n\t\t\t<\/div>\n\t\t\t\t\t\t\t<\/a>\n\t\t\t\t\t\t<\/div>  \n\t\t\t\t\t\t\t<\/div>\n\t\t\t\t<\/div>\n\t\t\t\t\t<\/div>\n\t\t<\/div>\n\t\t\t\t\t<\/div>\n\t\t<\/section>\n\t\t\t\t<section class=\"elementor-section elementor-top-section elementor-element elementor-element-62d0410 elementor-section-boxed elementor-section-height-default elementor-section-height-default\" data-id=\"62d0410\" data-element_type=\"section\" data-e-type=\"section\">\n\t\t\t\t\t\t<div class=\"elementor-container elementor-column-gap-default\">\n\t\t\t\t\t<div class=\"elementor-column elementor-col-100 elementor-top-column elementor-element elementor-element-28a3b604\" data-id=\"28a3b604\" data-element_type=\"column\" data-e-type=\"column\" data-settings=\"{&quot;background_background&quot;:&quot;classic&quot;}\">\n\t\t\t<div class=\"elementor-widget-wrap elementor-element-populated\">\n\t\t\t\t\t\t<div class=\"elementor-element elementor-element-724b6bf2 elementor-widget elementor-widget-text-editor\" data-id=\"724b6bf2\" data-element_type=\"widget\" data-e-type=\"widget\" data-widget_type=\"text-editor.default\">\n\t\t\t\t<div class=\"elementor-widget-container\">\n\t\t\t\t\t\t\t\t\t<h3>Datenschutzerkl\u00e4rung<\/h3><p>Verantwortliche Stelle im Sinne der Datenschutzgesetze, insbesondere der EU-Datenschutzgrundverordnung (DSGVO), ist:<\/p><p>Tierbalance Tularis<br \/>Sandra Muci-Bundeli<br \/>Am Wald 36<br \/>2504 Biel<\/p><p>Telefon: 076 365 82 28<br \/>E-Mail: info@tularis.ch<br \/>WebSite: http:\/\/www.tierbalance.tularis.ch\/<\/p><h3>Allgemeiner Hinweis<\/h3><p>Gest\u00fctzt auf Artikel 13 der schweizerischen Bundesverfassung und den datenschutzrechtlichen Bestimmungen des Bundes (Datenschutzgesetz, DSG) hat jede Person Anspruch auf Schutz ihrer Privatsph\u00e4re sowie auf Schutz vor Missbrauch ihrer pers\u00f6nlichen Daten. Die Betreiber dieser Seiten nehmen den Schutz Ihrer pers\u00f6nlichen Daten sehr ernst. Wir behandeln Ihre personenbezogenen Daten vertraulich und entsprechend der gesetzlichen Datenschutzvorschriften sowie dieser Datenschutzerkl\u00e4rung.<\/p><p>In Zusammenarbeit mit unseren Hosting-Providern bem\u00fchen wir uns, die Datenbanken so gut wie m\u00f6glich vor fremden Zugriffen, Verlusten, Missbrauch oder vor F\u00e4lschung zu sch\u00fctzen.<\/p><p>Wir weisen darauf hin, dass die Daten\u00fcbertragung im Internet (z.B. bei der Kommunikation per E-Mail) Sicherheitsl\u00fccken aufweisen kann. Ein l\u00fcckenloser Schutz der Daten vor dem Zugriff durch Dritte ist nicht m\u00f6glich.<\/p><p>Durch die Nutzung dieser Website erkl\u00e4ren Sie sich mit der Erhebung, Verarbeitung und Nutzung von Daten gem\u00e4ss der nachfolgenden Beschreibung einverstanden. Diese Website kann grunds\u00e4tzlich ohne Registrierung besucht werden. Dabei werden Daten wie beispielsweise aufgerufene Seiten bzw. Namen der abgerufenen Datei, Datum und Uhrzeit zu statistischen Zwecken auf dem Server gespeichert, ohne dass diese Daten unmittelbar auf Ihre Person bezogen werden. Personenbezogene Daten, insbesondere Name, Adresse oder E-Mail-Adresse werden soweit m\u00f6glich auf freiwilliger Basis erhoben. Ohne Ihre Einwilligung erfolgt keine Weitergabe der Daten an Dritte.<\/p><h3>Datenschutzerkl\u00e4rung f\u00fcr Cookies<\/h3><p>Diese Website verwendet Cookies. Das sind kleine Textdateien, die es m\u00f6glich machen, auf dem Endger\u00e4t des Nutzers spezifische, auf den Nutzer bezogene Informationen zu speichern, w\u00e4hrend er die Website nutzt. Cookies erm\u00f6glichen es, insbesondere Nutzungsh\u00e4ufigkeit und Nutzeranzahl der Seiten zu ermitteln, Verhaltensweisen der Seitennutzung zu analysieren, aber auch unser Angebot kundenfreundlicher zu gestalten.\u00a0Cookies bleiben \u00fcber das Ende einer Browser-Sitzung gespeichert und k\u00f6nnen bei einem erneuten Seitenbesuch wieder aufgerufen werden. Wenn Sie das nicht w\u00fcnschen, sollten Sie Ihren Internetbrowser so einstellen, dass er die Annahme von Cookies verweigert.<\/p><p>Ein genereller Widerspruch gegen den Einsatz der zu Zwecken des Onlinemarketing eingesetzten Cookies kann bei einer Vielzahl der Dienste, vor allem im Fall des Trackings, \u00fcber die US-amerikanische Seite\u00a0<a href=\"http:\/\/www.aboutads.info\/choices\/\" target=\"_blank\" rel=\"noopener\">http:\/\/www.aboutads.info\/choices\/<\/a>\u00a0oder die EU-Seite\u00a0<a href=\"http:\/\/www.youronlinechoices.com\/\" target=\"_blank\" rel=\"noopener\">http:\/\/www.youronlinechoices.com\/<\/a>\u00a0erkl\u00e4rt werden. Des Weiteren kann die Speicherung von Cookies mittels deren Abschaltung in den Einstellungen des Browsers erreicht werden. Bitte beachten Sie, dass dann gegebenenfalls nicht alle Funktionen dieses Onlineangebotes genutzt werden k\u00f6nnen.<\/p><h3>Datenschutzerkl\u00e4rung f\u00fcr Kontaktformular<\/h3><p>Wenn Sie uns per Kontaktformular Anfragen zukommen lassen, werden Ihre Angaben aus dem Anfrageformular inklusive der von Ihnen dort angegebenen Kontaktdaten zwecks Bearbeitung der Anfrage und f\u00fcr den Fall von Anschlussfragen bei uns gespeichert. Diese Daten geben wir nicht ohne Ihre Einwilligung weiter.<\/p><h3>Urheberrechte<\/h3><p>Die Urheber- und alle anderen Rechte an Inhalten, Bildern, Fotos oder anderen Dateien auf der Website, geh\u00f6ren ausschliesslich dem Betreiber dieser Website oder den speziell genannten Rechteinhabern. Fu\u0308r die Reproduktion von s\u00e4mtlichen Dateien, ist die schriftliche Zustimmung des Urheberrechtstr\u00e4gers im Voraus einzuholen.<\/p><p>Wer ohne Einwilligung des jeweiligen Rechteinhabers eine Urheberrechtsverletzung begeht, kann sich strafbar und allenfalls schadenersatzpflichtig machen.<\/p><h3>Allgemeiner Haftungsausschluss<\/h3><p>Alle Angaben unseres Internetangebotes wurden sorgf\u00e4ltig gepr\u00fcft. Wir bem\u00fchen uns, unser Informationsangebot aktuell, inhaltlich richtig und vollst\u00e4ndig anzubieten. Trotzdem kann das Auftreten von Fehlern nicht v\u00f6llig ausgeschlossen werden, womit wir keine Garantie f\u00fcr Vollst\u00e4ndigkeit, Richtigkeit und Aktualit\u00e4t von Informationen auch journalistisch-redaktioneller Art \u00fcbernehmen k\u00f6nnen. Haftungsanspr\u00fcche aus Sch\u00e4den materieller oder ideeller Art, die durch die Nutzung der angebotenen Informationen verursacht wurden, sind ausgeschlossen, sofern kein nachweislich vors\u00e4tzliches oder grob fahrl\u00e4ssiges Verschulden vorliegt.<\/p><p>Der Herausgeber kann nach eigenem Ermessen und ohne Ank\u00fcndigung Texte ver\u00e4ndern oder l\u00f6schen und ist nicht verpflichtet, Inhalte dieser Website zu aktualisieren. Die Benutzung bzw. der Zugang zu dieser Website geschieht auf eigene Gefahr des Besuchers. Der Herausgeber, seine Auftraggeber oder Partner sind nicht verantwortlich f\u00fcr Sch\u00e4den, wie direkte, indirekte, zuf\u00e4llige, vorab konkret zu bestimmende oder Folgesch\u00e4den, die angeblich durch den Besuch dieser Website entstanden sind und \u00fcbernehmen hierf\u00fcr folglich keine Haftung.<\/p><p>Der Herausgeber \u00fcbernimmt ebenfalls keine Verantwortung und Haftung f\u00fcr die Inhalte und die Verf\u00fcgbarkeit von Website Dritter, die \u00fcber externe Links dieser Website erreichbar sind. F\u00fcr den Inhalt der verlinkten Seiten sind ausschliesslich deren Betreiber verantwortlich. Der Herausgeber distanziert sich damit ausdr\u00fccklich von allen Inhalten Dritter, die m\u00f6glicherweise straf- oder haftungsrechtlich relevant sind oder gegen die guten Sitten verstossen.<\/p><h3>\u00c4nderungen<\/h3><p>Wir k\u00f6nnen diese Datenschutzerkl\u00e4rung jederzeit ohne Vorank\u00fcndigung anpassen. Es gilt die jeweils aktuelle, auf unserer Website publizierte Fassung. Soweit die Datenschutzerkl\u00e4rung Teil einer Vereinbarung mit Ihnen ist, werden wir Sie im Falle einer Aktualisierung \u00fcber die \u00c4nderung per E-Mail oder auf andere geeignete Weise informieren.<\/p><h3>Fragen an den Datenschutzbeauftragten<\/h3><p>Wenn Sie Fragen zum Datenschutz haben, schreiben Sie uns bitte eine E-Mail oder wenden Sie sich direkt an die f\u00fcr den Datenschutz zu Beginn der Datenschutzerkl\u00e4rung aufgef\u00fchrten, verantwortlichen Person in unserer Organisation.<\/p><p>Biel, 07.10.2021<br \/>Quelle:\u00a0<a href=\"https:\/\/www.swissanwalt.ch\/\" target=\"_blank\" rel=\"noopener\">SwissAnwalt<\/a><\/p>\t\t\t\t\t\t\t\t<\/div>\n\t\t\t\t<\/div>\n\t\t\t\t\t<\/div>\n\t\t<\/div>\n\t\t\t\t\t<\/div>\n\t\t<\/section>\n\t\t\t\t<section class=\"elementor-section elementor-top-section elementor-element elementor-element-25d79be1 elementor-section-boxed elementor-section-height-default elementor-section-height-default\" data-id=\"25d79be1\" data-element_type=\"section\" data-e-type=\"section\" data-settings=\"{&quot;background_background&quot;:&quot;classic&quot;}\">\n\t\t\t\t\t\t<div class=\"elementor-container elementor-column-gap-default\">\n\t\t\t\t\t<div class=\"elementor-column elementor-col-100 elementor-top-column elementor-element elementor-element-3a6248db\" data-id=\"3a6248db\" data-element_type=\"column\" data-e-type=\"column\">\n\t\t\t<div class=\"elementor-widget-wrap elementor-element-populated\">\n\t\t\t\t\t\t<section class=\"elementor-section elementor-inner-section elementor-element elementor-element-6cc499d elementor-section-boxed elementor-section-height-default elementor-section-height-default\" data-id=\"6cc499d\" data-element_type=\"section\" data-e-type=\"section\">\n\t\t\t\t\t\t<div class=\"elementor-container elementor-column-gap-default\">\n\t\t\t\t\t<div class=\"elementor-column elementor-col-33 elementor-inner-column elementor-element elementor-element-919534b\" data-id=\"919534b\" data-element_type=\"column\" data-e-type=\"column\">\n\t\t\t<div class=\"elementor-widget-wrap elementor-element-populated\">\n\t\t\t\t\t\t<div class=\"elementor-element elementor-element-3e391419 elementor-widget elementor-widget-spacer\" data-id=\"3e391419\" data-element_type=\"widget\" data-e-type=\"widget\" data-widget_type=\"spacer.default\">\n\t\t\t\t<div class=\"elementor-widget-container\">\n\t\t\t\t\t\t\t<div class=\"elementor-spacer\">\n\t\t\t<div class=\"elementor-spacer-inner\"><\/div>\n\t\t<\/div>\n\t\t\t\t\t\t<\/div>\n\t\t\t\t<\/div>\n\t\t\t\t<div class=\"elementor-element elementor-element-10efa068 elementor-widget elementor-widget-heading\" data-id=\"10efa068\" data-element_type=\"widget\" data-e-type=\"widget\" data-widget_type=\"heading.default\">\n\t\t\t\t<div class=\"elementor-widget-container\">\n\t\t\t\t\t<h2 class=\"elementor-heading-title elementor-size-default\">Tierbalance Tularis\nSandra<\/h2>\t\t\t\t<\/div>\n\t\t\t\t<\/div>\n\t\t\t\t\t<\/div>\n\t\t<\/div>\n\t\t\t\t<div class=\"elementor-column elementor-col-33 elementor-inner-column elementor-element elementor-element-5934ed80\" data-id=\"5934ed80\" data-element_type=\"column\" data-e-type=\"column\">\n\t\t\t<div class=\"elementor-widget-wrap elementor-element-populated\">\n\t\t\t\t\t\t<div class=\"elementor-element elementor-element-2880b48f elementor-widget elementor-widget-image\" data-id=\"2880b48f\" data-element_type=\"widget\" data-e-type=\"widget\" data-widget_type=\"image.default\">\n\t\t\t\t<div class=\"elementor-widget-container\">\n\t\t\t\t\t\t\t\t\t\t\t\t\t\t\t<img decoding=\"async\" width=\"28\" height=\"535\" src=\"https:\/\/tierbalance.tularis.ch\/wp-content\/uploads\/2023\/03\/line-5.png\" class=\"attachment-full size-full wp-image-13821\" alt=\"\" \/>\t\t\t\t\t\t\t\t\t\t\t\t\t\t\t<\/div>\n\t\t\t\t<\/div>\n\t\t\t\t\t<\/div>\n\t\t<\/div>\n\t\t\t\t<div class=\"elementor-column elementor-col-33 elementor-inner-column elementor-element elementor-element-47a7217a\" data-id=\"47a7217a\" data-element_type=\"column\" data-e-type=\"column\">\n\t\t\t<div class=\"elementor-widget-wrap elementor-element-populated\">\n\t\t\t\t\t\t<div class=\"elementor-element elementor-element-87f4462 elementor-list-item-link-full_width elementor-widget elementor-widget-icon-list\" data-id=\"87f4462\" data-element_type=\"widget\" data-e-type=\"widget\" data-widget_type=\"icon-list.default\">\n\t\t\t\t<div class=\"elementor-widget-container\">\n\t\t\t\t\t\t\t<ul class=\"elementor-icon-list-items\">\n\t\t\t\t\t\t\t<li class=\"elementor-icon-list-item\">\n\t\t\t\t\t\t\t\t\t\t\t<span class=\"elementor-icon-list-icon\">\n\t\t\t\t\t\t\t<i aria-hidden=\"true\" class=\"far fa-envelope\"><\/i>\t\t\t\t\t\t<\/span>\n\t\t\t\t\t\t\t\t\t\t<span class=\"elementor-icon-list-text\">info@tularis.ch<\/span>\n\t\t\t\t\t\t\t\t\t<\/li>\n\t\t\t\t\t\t\t\t<li class=\"elementor-icon-list-item\">\n\t\t\t\t\t\t\t\t\t\t\t<span class=\"elementor-icon-list-icon\">\n\t\t\t\t\t\t\t<i aria-hidden=\"true\" class=\"fas fa-location-arrow\"><\/i>\t\t\t\t\t\t<\/span>\n\t\t\t\t\t\t\t\t\t\t<span class=\"elementor-icon-list-text\">Am Wald 36, 2504 Biel<\/span>\n\t\t\t\t\t\t\t\t\t<\/li>\n\t\t\t\t\t\t\t\t<li class=\"elementor-icon-list-item\">\n\t\t\t\t\t\t\t\t\t\t\t<span class=\"elementor-icon-list-icon\">\n\t\t\t\t\t\t\t<i aria-hidden=\"true\" class=\"fas fa-mobile-alt\"><\/i>\t\t\t\t\t\t<\/span>\n\t\t\t\t\t\t\t\t\t\t<span class=\"elementor-icon-list-text\">+41 76 365 82 28<\/span>\n\t\t\t\t\t\t\t\t\t<\/li>\n\t\t\t\t\t\t<\/ul>\n\t\t\t\t\t\t<\/div>\n\t\t\t\t<\/div>\n\t\t\t\t\t<\/div>\n\t\t<\/div>\n\t\t\t\t\t<\/div>\n\t\t<\/section>\n\t\t\t\t\t<\/div>\n\t\t<\/div>\n\t\t\t\t\t<\/div>\n\t\t<\/section>\n\t\t\t\t<\/div>\n\t\t","protected":false},"excerpt":{"rendered":"<p>Datenschutzerkl\u00e4rung Verantwortliche Stelle im Sinne der Datenschutzgesetze, insbesondere der EU-Datenschutzgrundverordnung (DSGVO), ist: Tierbalance TularisSandra Muci-BundeliAm Wald 362504 Biel Telefon: 076 365 82 28E-Mail: info@tularis.chWebSite: http:\/\/www.tierbalance.tularis.ch\/ Allgemeiner Hinweis Gest\u00fctzt auf Artikel 13 der schweizerischen Bundesverfassung und den datenschutzrechtlichen Bestimmungen des Bundes (Datenschutzgesetz, DSG) hat jede Person Anspruch auf Schutz ihrer Privatsph\u00e4re sowie auf Schutz vor Missbrauch [&hellip;]<\/p>\n","protected":false},"author":1,"featured_media":0,"parent":0,"menu_order":0,"comment_status":"closed","ping_status":"closed","template":"","meta":{"footnotes":""},"class_list":["post-16297","page","type-page","status-publish","hentry"],"_links":{"self":[{"href":"https:\/\/tierbalance.tularis.ch\/index.php?rest_route=\/wp\/v2\/pages\/16297","targetHints":{"allow":["GET"]}}],"collection":[{"href":"https:\/\/tierbalance.tularis.ch\/index.php?rest_route=\/wp\/v2\/pages"}],"about":[{"href":"https:\/\/tierbalance.tularis.ch\/index.php?rest_route=\/wp\/v2\/types\/page"}],"author":[{"embeddable":true,"href":"https:\/\/tierbalance.tularis.ch\/index.php?rest_route=\/wp\/v2\/users\/1"}],"replies":[{"embeddable":true,"href":"https:\/\/tierbalance.tularis.ch\/index.php?rest_route=%2Fwp%2Fv2%2Fcomments&post=16297"}],"version-history":[{"count":10,"href":"https:\/\/tierbalance.tularis.ch\/index.php?rest_route=\/wp\/v2\/pages\/16297\/revisions"}],"predecessor-version":[{"id":16307,"href":"https:\/\/tierbalance.tularis.ch\/index.php?rest_route=\/wp\/v2\/pages\/16297\/revisions\/16307"}],"wp:attachment":[{"href":"https:\/\/tierbalance.tularis.ch\/index.php?rest_route=%2Fwp%2Fv2%2Fmedia&parent=16297"}],"curies":[{"name":"wp","href":"https:\/\/api.w.org\/{rel}","templated":true}]}}